{"id":24,"date":"2018-02-24T22:58:37","date_gmt":"2018-02-24T22:58:37","guid":{"rendered":"http:\/\/mellipopelli.de\/?page_id=24"},"modified":"2020-05-23T23:34:37","modified_gmt":"2020-05-23T23:34:37","slug":"24-2","status":"publish","type":"page","link":"https:\/\/mellipopelli.de\/?page_id=24","title":{"rendered":"Hier bin ich!"},"content":{"rendered":"\n<div class=\"wp-container-1 wp-block-group\"><div class=\"wp-block-group__inner-container\">\n<div class=\"wp-block-image\"><figure class=\"aligncenter size-thumbnail is-resized\"><img loading=\"lazy\" src=\"http:\/\/mellipopelli.de\/wp-content\/uploads\/2020\/01\/VVSEE3290-150x150.jpg\" alt=\"\" class=\"wp-image-261\" width=\"401\" height=\"401\" srcset=\"https:\/\/mellipopelli.de\/wp-content\/uploads\/2020\/01\/VVSEE3290-150x150.jpg 150w, https:\/\/mellipopelli.de\/wp-content\/uploads\/2020\/01\/VVSEE3290-90x90.jpg 90w\" sizes=\"(max-width: 401px) 100vw, 401px\" \/><figcaption>Ich bin Melanie, 41 Jahre jung und aus M\u00fcnchen.<br>Eine Freundin hat mich mit einem simplen &#8222;Kissen mit Hotelverschluss&#8220; angesteckt und mich so f\u00fcr das N\u00e4hen begeistert.<br>Da ich aber ein Equipment Junkie bin, musste erst mal alles Wichtige, N\u00f6tige &#8211; und Unn\u00f6tige &#8211; her.<br>Meine erste N\u00e4hmaschine &#8211; W6 1615 &#8211; hat mir sehr gute Dienste erwiesen und alle Lehrstunden \u00fcberlebt. Ich habe sie geliebt!<br>Hier k\u00f6nnt Ihr sehen, wie es angefangen hat und wie es weitergeht.<br>Eure Melanie<\/figcaption><\/figure><\/div>\n<\/div><\/div>\n\n\n\n<p><\/p>\n","protected":false},"excerpt":{"rendered":"","protected":false},"author":2,"featured_media":0,"parent":0,"menu_order":2,"comment_status":"closed","ping_status":"closed","template":"","meta":[],"_links":{"self":[{"href":"https:\/\/mellipopelli.de\/index.php?rest_route=\/wp\/v2\/pages\/24"}],"collection":[{"href":"https:\/\/mellipopelli.de\/index.php?rest_route=\/wp\/v2\/pages"}],"about":[{"href":"https:\/\/mellipopelli.de\/index.php?rest_route=\/wp\/v2\/types\/page"}],"author":[{"embeddable":true,"href":"https:\/\/mellipopelli.de\/index.php?rest_route=\/wp\/v2\/users\/2"}],"replies":[{"embeddable":true,"href":"https:\/\/mellipopelli.de\/index.php?rest_route=%2Fwp%2Fv2%2Fcomments&post=24"}],"version-history":[{"count":6,"href":"https:\/\/mellipopelli.de\/index.php?rest_route=\/wp\/v2\/pages\/24\/revisions"}],"predecessor-version":[{"id":350,"href":"https:\/\/mellipopelli.de\/index.php?rest_route=\/wp\/v2\/pages\/24\/revisions\/350"}],"wp:attachment":[{"href":"https:\/\/mellipopelli.de\/index.php?rest_route=%2Fwp%2Fv2%2Fmedia&parent=24"}],"curies":[{"name":"wp","href":"https:\/\/api.w.org\/{rel}","templated":true}]}}